{"id":17123,"date":"2020-09-19T13:38:23","date_gmt":"2020-09-19T11:38:23","guid":{"rendered":"http:\/\/www.florunday.it\/?page_id=17123"},"modified":"2022-05-20T16:11:10","modified_gmt":"2022-05-20T14:11:10","slug":"profilo-aziendale","status":"publish","type":"page","link":"https:\/\/www.florunday.it\/it\/azienda\/profilo-aziendale\/","title":{"rendered":"Profilo Aziendale"},"content":{"rendered":"<div class=\"wpb-content-wrapper\"><p>[vc_row section_type=&#8221;fullwidth&#8221; columns_gap=&#8221;none&#8221;][vc_column]<h1 class=\"grve-element grve-title grve-align-center grve-h1 grve-custom-font-1 grve-increase-heading grve-heading-300\" style=\"margin-bottom: 0px;\"><span>PROFILO AZIENDALE<\/span><\/h1><div class=\"grve-element grve-divider\" style=\"padding-top: 0px;padding-bottom: 0px;\"><div class=\"grve-line-divider grve-border\"><\/div><\/div>[\/vc_column][\/vc_row][vc_row columns_gap=&#8221;60&#8243;][vc_column width=&#8221;1\/3&#8243;]<div class=\"grve-element grve-image grve-align-center\" style=\"\">  <div class=\"grve-image-wrapper\"><img loading=\"lazy\" decoding=\"async\" width=\"555\" height=\"800\" src=\"https:\/\/www.florunday.it\/wp-content\/uploads\/2020\/11\/Elvira-Gorjan.jpg\" class=\"attachment-full size-full\" alt=\"\" srcset=\"https:\/\/www.florunday.it\/wp-content\/uploads\/2020\/11\/Elvira-Gorjan.jpg 555w, https:\/\/www.florunday.it\/wp-content\/uploads\/2020\/11\/Elvira-Gorjan-208x300.jpg 208w\" sizes=\"auto, (max-width: 555px) 100vw, 555px\" \/>   <\/div><\/div><div class=\"grve-empty-space grve-height-2x\" style=\"\"><\/div><blockquote class=\"grve-element grve-align-right\" style=\"\"><p>&#8220;Vi invito a scoprire la nostra filosofia e le nostre collezioni.<br \/>\nCreate con Florunday il vostro design personalizzato, liberando la vostra fantasia con un&#8217;ampia scelta di materiali, finiture e rivestimenti.<br \/>\nBuona navigazione!&#8221;<\/p><\/blockquote>[vc_column_text text_style=&#8221;leader-text&#8221;]<\/p>\n<p style=\"text-align: right;\"><em>Elvira Gorjan &#8211; Owner &amp; CEO<\/em><\/p>\n<p>[\/vc_column_text][\/vc_column][vc_column width=&#8221;2\/3&#8243;]<h2 class=\"grve-element grve-title grve-align-left grve-h2 grve-custom-font-1 grve-increase-heading grve-heading-120\" style=\"margin-bottom: 4px;\"><span><u>Dopo 20 anni di esperienza<\/u><\/span><\/h2>[vc_column_text]nel settore dell&#8217;arredamento, abbiamo ideato il brand Florunday nel 2013 a Pavia di Udine, in un territorio protagonista dell&#8217;arredo italiano, per diffondere nel mondo prodotti di qualit\u00e0 Made in Italy, con una mentalit\u00e0 internazionale e una missione speciale: fare sentire bene chi acquista e utilizza i nostri arredi, realizzati con gioia e passione.[\/vc_column_text]<div class=\"grve-empty-space grve-height-1x\" style=\"\"><\/div><h2 class=\"grve-element grve-title grve-align-left grve-h2 grve-custom-font-1 grve-increase-heading grve-heading-120\" style=\"margin-bottom: 4px;\"><span><u>Arredare un ambiente domestico,<\/u><\/span><\/h2>[vc_column_text]pubblico o professionale, significa per noi creare una relazione appagante, coinvolgente e positiva fra gli oggetti e le persone. Soddisfare felicemente le esigenze dei committenti e aiutarli a raggiungere i loro obiettivi. Contribuire inoltre a migliorare non solo gli spazi in cui abitiamo, ma anche il mondo in cui viviamo.[\/vc_column_text]<div class=\"grve-empty-space grve-height-1x\" style=\"\"><\/div><h2 class=\"grve-element grve-title grve-align-left grve-h2 grve-custom-font-1 grve-increase-heading grve-heading-120\" style=\"margin-bottom: 4px;\"><span><u>Concepiamo ogni prodotto<\/u><\/span><\/h2>[vc_column_text]e progetto come un&#8217;esperienza unica e personalizzata in ogni fase delle sua realizzazione. Ecco perch\u00e9 gestiamo direttamente l&#8217;intero ciclo produttivo. Questo consente un controllo accurato sulla qualit\u00e0, ma anche una flessibilit\u00e0 totale per rispondere a ogni richiesta: dall&#8217;esemplare unico alla produzione in grande serie.[\/vc_column_text]<div class=\"grve-empty-space grve-height-1x\" style=\"\"><\/div><h2 class=\"grve-element grve-title grve-align-left grve-h2 grve-custom-font-1 grve-increase-heading grve-heading-120\" style=\"margin-bottom: 4px;\"><span><u>La nostra \u00e8 una realt\u00e0 versatile,<\/u><\/span><\/h2>[vc_column_text]in continua crescita ed evoluzione, come dimostrano la sinergia con il design nordico di Scandii Design e la recente acquisizione della Bosco Giovanni: una storica azienda produttrice di sedie in stile Thonet e Bistrot, nel cuore del distretto italiano della sedia.[\/vc_column_text]<div class=\"grve-empty-space grve-height-1x\" style=\"\"><\/div><h2 class=\"grve-element grve-title grve-align-left grve-h2 grve-custom-font-1 grve-increase-heading grve-heading-120\" style=\"margin-bottom: 4px;\"><span><u>Non esiste la felicit\u00e0 senza benessere,<\/u><\/span><\/h2>[vc_column_text]non c&#8217;\u00e8 salute senza rispetto per la natura.<br \/>\nUtilizziamo materiali sostenibili per prenderci cura del nostro pianeta e del futuro di tutti.<\/p>\n<p>Richiedi i prodotti certificati FSC<sup>\u00ae<\/sup> e PEFC.[\/vc_column_text]<div class=\"grve-empty-space grve-height-2x\" style=\"\"><\/div>[vc_row_inner][vc_column_inner width=&#8221;1\/2&#8243;]<div class=\"grve-element grve-image grve-align-left\" style=\"\">  <div class=\"grve-image-wrapper\"><img loading=\"lazy\" decoding=\"async\" width=\"506\" height=\"232\" src=\"https:\/\/www.florunday.it\/wp-content\/uploads\/2020\/12\/Logo-FSC.png\" class=\"attachment-full size-full\" alt=\"\" srcset=\"https:\/\/www.florunday.it\/wp-content\/uploads\/2020\/12\/Logo-FSC.png 506w, https:\/\/www.florunday.it\/wp-content\/uploads\/2020\/12\/Logo-FSC-300x138.png 300w\" sizes=\"auto, (max-width: 506px) 100vw, 506px\" \/>   <\/div><\/div>[\/vc_column_inner][vc_column_inner width=&#8221;1\/2&#8243;]<div class=\"grve-element grve-image grve-align-left\" style=\"\">  <div class=\"grve-image-wrapper\"><img loading=\"lazy\" decoding=\"async\" width=\"506\" height=\"232\" src=\"https:\/\/www.florunday.it\/wp-content\/uploads\/2021\/03\/Logo-PEFC.png\" class=\"attachment-full size-full\" alt=\"\" srcset=\"https:\/\/www.florunday.it\/wp-content\/uploads\/2021\/03\/Logo-PEFC.png 506w, https:\/\/www.florunday.it\/wp-content\/uploads\/2021\/03\/Logo-PEFC-300x138.png 300w\" sizes=\"auto, (max-width: 506px) 100vw, 506px\" \/>   <\/div><\/div>[\/vc_column_inner][\/vc_row_inner]<div class=\"grve-empty-space grve-height-1x\" style=\"\"><\/div>[vc_row_inner][vc_column_inner width=&#8221;1\/2&#8243;]<div class=\"grve-element grve-align-left\"><a href=\"https:\/\/www.florunday.it\/wp-content\/uploads\/2022\/05\/CC81DNV-COC-001372-DNV-CW-001372.pdf\" target=\"_blank\" rel=\"noopener noreferrer\" class=\"grve-btn grve-btn-medium grve-square grve-bg-primary-1 grve-bg-hover-black\"><span>Scarica il Certificato FSC<sup>\u00ae<\/sup><\/span><\/a><\/div>[\/vc_column_inner][vc_column_inner width=&#8221;1\/2&#8243;]<div class=\"grve-element grve-align-left\"><a href=\"https:\/\/www.florunday.it\/wp-content\/uploads\/2022\/05\/213439-2017-CoC-ITA-ASI-CC23-it.pdf\" target=\"_blank\" rel=\"noopener noreferrer\" class=\"grve-btn grve-btn-medium grve-square grve-bg-primary-1 grve-bg-hover-black\"><span>Scarica il Certificato PEFC<\/span><\/a><\/div>[\/vc_column_inner][\/vc_row_inner][\/vc_column][\/vc_row]<\/p>\n<\/div>","protected":false},"excerpt":{"rendered":"<p>[vc_row section_type=&#8221;fullwidth&#8221; columns_gap=&#8221;none&#8221;][vc_column][\/vc_column][\/vc_row][vc_row columns_gap=&#8221;60&#8243;][vc_column width=&#8221;1\/3&#8243;][vc_column_text text_style=&#8221;leader-text&#8221;] Elvira Gorjan &#8211; Owner &amp; CEO [\/vc_column_text][\/vc_column][vc_column width=&#8221;2\/3&#8243;][vc_column_text]nel settore dell&#8217;arredamento, abbiamo ideato il brand Florunday nel 2013 a Pavia di Udine, in un territorio protagonista dell&#8217;arredo italiano, per diffondere nel mondo prodotti di qualit\u00e0 Made in Italy, con una mentalit\u00e0 internazionale e una missione speciale: fare sentire bene chi [&hellip;]<\/p>\n","protected":false},"author":1,"featured_media":0,"parent":18138,"menu_order":1,"comment_status":"closed","ping_status":"closed","template":"","meta":{"footnotes":""},"class_list":["post-17123","page","type-page","status-publish","hentry"],"yoast_head":"<!-- This site is optimized with the Yoast SEO plugin v25.4 - https:\/\/yoast.com\/wordpress\/plugins\/seo\/ -->\n<title>Profilo Aziendale - Florunday<\/title>\n<meta name=\"robots\" content=\"index, follow, max-snippet:-1, max-image-preview:large, max-video-preview:-1\" \/>\n<link rel=\"canonical\" href=\"https:\/\/www.florunday.it\/it\/azienda\/profilo-aziendale\/\" \/>\n<meta property=\"og:locale\" content=\"it_IT\" \/>\n<meta property=\"og:type\" content=\"article\" \/>\n<meta property=\"og:title\" content=\"Profilo Aziendale - Florunday\" \/>\n<meta property=\"og:description\" content=\"[vc_row section_type=&#8221;fullwidth&#8221; columns_gap=&#8221;none&#8221;][vc_column][\/vc_column][\/vc_row][vc_row columns_gap=&#8221;60&#8243;][vc_column width=&#8221;1\/3&#8243;][vc_column_text text_style=&#8221;leader-text&#8221;] Elvira Gorjan &#8211; Owner &amp; CEO [\/vc_column_text][\/vc_column][vc_column width=&#8221;2\/3&#8243;][vc_column_text]nel settore dell&#8217;arredamento, abbiamo ideato il brand Florunday nel 2013 a Pavia di Udine, in un territorio protagonista dell&#8217;arredo italiano, per diffondere nel mondo prodotti di qualit\u00e0 Made in Italy, con una mentalit\u00e0 internazionale e una missione speciale: fare sentire bene chi [&hellip;]\" \/>\n<meta property=\"og:url\" content=\"https:\/\/www.florunday.it\/it\/azienda\/profilo-aziendale\/\" \/>\n<meta property=\"og:site_name\" content=\"Florunday\" \/>\n<meta property=\"article:publisher\" content=\"https:\/\/www.facebook.com\/florunday\" \/>\n<meta property=\"article:modified_time\" content=\"2022-05-20T14:11:10+00:00\" \/>\n<meta name=\"twitter:card\" content=\"summary_large_image\" \/>\n<meta name=\"twitter:label1\" content=\"Tempo di lettura stimato\" \/>\n\t<meta name=\"twitter:data1\" content=\"3 minuti\" \/>\n<script type=\"application\/ld+json\" class=\"yoast-schema-graph\">{\"@context\":\"https:\/\/schema.org\",\"@graph\":[{\"@type\":\"WebPage\",\"@id\":\"https:\/\/www.florunday.it\/it\/azienda\/profilo-aziendale\/\",\"url\":\"https:\/\/www.florunday.it\/it\/azienda\/profilo-aziendale\/\",\"name\":\"Profilo Aziendale - Florunday\",\"isPartOf\":{\"@id\":\"https:\/\/www.florunday.it\/it\/#website\"},\"datePublished\":\"2020-09-19T11:38:23+00:00\",\"dateModified\":\"2022-05-20T14:11:10+00:00\",\"breadcrumb\":{\"@id\":\"https:\/\/www.florunday.it\/it\/azienda\/profilo-aziendale\/#breadcrumb\"},\"inLanguage\":\"it-IT\",\"potentialAction\":[{\"@type\":\"ReadAction\",\"target\":[\"https:\/\/www.florunday.it\/it\/azienda\/profilo-aziendale\/\"]}]},{\"@type\":\"BreadcrumbList\",\"@id\":\"https:\/\/www.florunday.it\/it\/azienda\/profilo-aziendale\/#breadcrumb\",\"itemListElement\":[{\"@type\":\"ListItem\",\"position\":1,\"name\":\"Home\",\"item\":\"https:\/\/www.florunday.it\/it\/\"},{\"@type\":\"ListItem\",\"position\":2,\"name\":\"Azienda\",\"item\":\"https:\/\/www.florunday.it\/it\/azienda\/\"},{\"@type\":\"ListItem\",\"position\":3,\"name\":\"Profilo Aziendale\"}]},{\"@type\":\"WebSite\",\"@id\":\"https:\/\/www.florunday.it\/it\/#website\",\"url\":\"https:\/\/www.florunday.it\/it\/\",\"name\":\"Florunday\",\"description\":\"Creating Furniture of Happiness\",\"publisher\":{\"@id\":\"https:\/\/www.florunday.it\/it\/#organization\"},\"potentialAction\":[{\"@type\":\"SearchAction\",\"target\":{\"@type\":\"EntryPoint\",\"urlTemplate\":\"https:\/\/www.florunday.it\/it\/?s={search_term_string}\"},\"query-input\":{\"@type\":\"PropertyValueSpecification\",\"valueRequired\":true,\"valueName\":\"search_term_string\"}}],\"inLanguage\":\"it-IT\"},{\"@type\":\"Organization\",\"@id\":\"https:\/\/www.florunday.it\/it\/#organization\",\"name\":\"Florunday\",\"url\":\"https:\/\/www.florunday.it\/it\/\",\"logo\":{\"@type\":\"ImageObject\",\"inLanguage\":\"it-IT\",\"@id\":\"https:\/\/www.florunday.it\/it\/#\/schema\/logo\/image\/\",\"url\":\"https:\/\/www.florunday.it\/wp-content\/uploads\/2021\/07\/Marchio-Florunday-completo-primavera.png\",\"contentUrl\":\"https:\/\/www.florunday.it\/wp-content\/uploads\/2021\/07\/Marchio-Florunday-completo-primavera.png\",\"width\":409,\"height\":100,\"caption\":\"Florunday\"},\"image\":{\"@id\":\"https:\/\/www.florunday.it\/it\/#\/schema\/logo\/image\/\"},\"sameAs\":[\"https:\/\/www.facebook.com\/florunday\"]}]}<\/script>\n<!-- \/ Yoast SEO plugin. -->","yoast_head_json":{"title":"Profilo Aziendale - Florunday","robots":{"index":"index","follow":"follow","max-snippet":"max-snippet:-1","max-image-preview":"max-image-preview:large","max-video-preview":"max-video-preview:-1"},"canonical":"https:\/\/www.florunday.it\/it\/azienda\/profilo-aziendale\/","og_locale":"it_IT","og_type":"article","og_title":"Profilo Aziendale - Florunday","og_description":"[vc_row section_type=&#8221;fullwidth&#8221; columns_gap=&#8221;none&#8221;][vc_column][\/vc_column][\/vc_row][vc_row columns_gap=&#8221;60&#8243;][vc_column width=&#8221;1\/3&#8243;][vc_column_text text_style=&#8221;leader-text&#8221;] Elvira Gorjan &#8211; Owner &amp; CEO [\/vc_column_text][\/vc_column][vc_column width=&#8221;2\/3&#8243;][vc_column_text]nel settore dell&#8217;arredamento, abbiamo ideato il brand Florunday nel 2013 a Pavia di Udine, in un territorio protagonista dell&#8217;arredo italiano, per diffondere nel mondo prodotti di qualit\u00e0 Made in Italy, con una mentalit\u00e0 internazionale e una missione speciale: fare sentire bene chi [&hellip;]","og_url":"https:\/\/www.florunday.it\/it\/azienda\/profilo-aziendale\/","og_site_name":"Florunday","article_publisher":"https:\/\/www.facebook.com\/florunday","article_modified_time":"2022-05-20T14:11:10+00:00","twitter_card":"summary_large_image","twitter_misc":{"Tempo di lettura stimato":"3 minuti"},"schema":{"@context":"https:\/\/schema.org","@graph":[{"@type":"WebPage","@id":"https:\/\/www.florunday.it\/it\/azienda\/profilo-aziendale\/","url":"https:\/\/www.florunday.it\/it\/azienda\/profilo-aziendale\/","name":"Profilo Aziendale - Florunday","isPartOf":{"@id":"https:\/\/www.florunday.it\/it\/#website"},"datePublished":"2020-09-19T11:38:23+00:00","dateModified":"2022-05-20T14:11:10+00:00","breadcrumb":{"@id":"https:\/\/www.florunday.it\/it\/azienda\/profilo-aziendale\/#breadcrumb"},"inLanguage":"it-IT","potentialAction":[{"@type":"ReadAction","target":["https:\/\/www.florunday.it\/it\/azienda\/profilo-aziendale\/"]}]},{"@type":"BreadcrumbList","@id":"https:\/\/www.florunday.it\/it\/azienda\/profilo-aziendale\/#breadcrumb","itemListElement":[{"@type":"ListItem","position":1,"name":"Home","item":"https:\/\/www.florunday.it\/it\/"},{"@type":"ListItem","position":2,"name":"Azienda","item":"https:\/\/www.florunday.it\/it\/azienda\/"},{"@type":"ListItem","position":3,"name":"Profilo Aziendale"}]},{"@type":"WebSite","@id":"https:\/\/www.florunday.it\/it\/#website","url":"https:\/\/www.florunday.it\/it\/","name":"Florunday","description":"Creating Furniture of Happiness","publisher":{"@id":"https:\/\/www.florunday.it\/it\/#organization"},"potentialAction":[{"@type":"SearchAction","target":{"@type":"EntryPoint","urlTemplate":"https:\/\/www.florunday.it\/it\/?s={search_term_string}"},"query-input":{"@type":"PropertyValueSpecification","valueRequired":true,"valueName":"search_term_string"}}],"inLanguage":"it-IT"},{"@type":"Organization","@id":"https:\/\/www.florunday.it\/it\/#organization","name":"Florunday","url":"https:\/\/www.florunday.it\/it\/","logo":{"@type":"ImageObject","inLanguage":"it-IT","@id":"https:\/\/www.florunday.it\/it\/#\/schema\/logo\/image\/","url":"https:\/\/www.florunday.it\/wp-content\/uploads\/2021\/07\/Marchio-Florunday-completo-primavera.png","contentUrl":"https:\/\/www.florunday.it\/wp-content\/uploads\/2021\/07\/Marchio-Florunday-completo-primavera.png","width":409,"height":100,"caption":"Florunday"},"image":{"@id":"https:\/\/www.florunday.it\/it\/#\/schema\/logo\/image\/"},"sameAs":["https:\/\/www.facebook.com\/florunday"]}]}},"_links":{"self":[{"href":"https:\/\/www.florunday.it\/it\/wp-json\/wp\/v2\/pages\/17123","targetHints":{"allow":["GET"]}}],"collection":[{"href":"https:\/\/www.florunday.it\/it\/wp-json\/wp\/v2\/pages"}],"about":[{"href":"https:\/\/www.florunday.it\/it\/wp-json\/wp\/v2\/types\/page"}],"author":[{"embeddable":true,"href":"https:\/\/www.florunday.it\/it\/wp-json\/wp\/v2\/users\/1"}],"replies":[{"embeddable":true,"href":"https:\/\/www.florunday.it\/it\/wp-json\/wp\/v2\/comments?post=17123"}],"version-history":[{"count":0,"href":"https:\/\/www.florunday.it\/it\/wp-json\/wp\/v2\/pages\/17123\/revisions"}],"up":[{"embeddable":true,"href":"https:\/\/www.florunday.it\/it\/wp-json\/wp\/v2\/pages\/18138"}],"wp:attachment":[{"href":"https:\/\/www.florunday.it\/it\/wp-json\/wp\/v2\/media?parent=17123"}],"curies":[{"name":"wp","href":"https:\/\/api.w.org\/{rel}","templated":true}]}}